{"id":713,"date":"2025-09-01T22:04:47","date_gmt":"2025-09-01T22:04:47","guid":{"rendered":"http:\/\/wisetrees.eu\/?page_id=713"},"modified":"2025-09-01T22:20:34","modified_gmt":"2025-09-01T22:20:34","slug":"services","status":"publish","type":"page","link":"http:\/\/wisetrees.eu\/?page_id=713&lang=en","title":{"rendered":"Services"},"content":{"rendered":"<p>[et_pb_section fb_built=&#8221;1&#8243; custom_padding_last_edited=&#8221;on|phone&#8221; _builder_version=&#8221;4.16&#8243; _module_preset=&#8221;default&#8221; background_image=&#8221;https:\/\/wisetrees.eu\/wp-content\/uploads\/2021\/12\/BG_Landing.svg&#8221; background_size=&#8221;contain&#8221; background_position=&#8221;top_center&#8221; custom_margin_tablet=&#8221;&#8221; custom_margin_phone=&#8221;|0px||0px|false|true&#8221; custom_margin_last_edited=&#8221;on|phone&#8221; custom_padding=&#8221;29px||||false|false&#8221; custom_padding_tablet=&#8221;72px||||false|false&#8221; custom_padding_phone=&#8221;0px|0px|0px|0px|true|true&#8221; background_last_edited=&#8221;on|phone&#8221; background_enable_image_phone=&#8221;off&#8221; global_colors_info=&#8221;{}&#8221; theme_builder_area=&#8221;post_content&#8221;][et_pb_row custom_padding_last_edited=&#8221;on|phone&#8221; _builder_version=&#8221;4.16&#8243; _module_preset=&#8221;default&#8221; width=&#8221;100%&#8221; max_width=&#8221;1000px&#8221; custom_padding_tablet=&#8221;&#8221; custom_padding_phone=&#8221;|16px||16px|false|true&#8221; global_colors_info=&#8221;{}&#8221; theme_builder_area=&#8221;post_content&#8221;][et_pb_column type=&#8221;4_4&#8243; _builder_version=&#8221;4.16&#8243; _module_preset=&#8221;default&#8221; global_colors_info=&#8221;{}&#8221; theme_builder_area=&#8221;post_content&#8221;][et_pb_post_title meta=&#8221;off&#8221; date_format=&#8221;Y.m.d&#8221; featured_image=&#8221;off&#8221; _builder_version=&#8221;4.16&#8243; _module_preset=&#8221;default&#8221; title_font=&#8221;|700|||||||&#8221; title_text_color=&#8221;#224108&#8243; title_font_size=&#8221;30px&#8221; title_line_height=&#8221;27px&#8221; meta_font=&#8221;|700|||||||&#8221; meta_text_color=&#8221;#224108&#8243; meta_font_size=&#8221;30px&#8221; meta_line_height=&#8221;37px&#8221; title_font_size_tablet=&#8221;30px&#8221; title_font_size_phone=&#8221;22px&#8221; title_font_size_last_edited=&#8221;on|phone&#8221; global_colors_info=&#8221;{%22gcid-1b2faf1f-066d-4675-b6a7-399b56f31639%22:%91%22header_4_text_color%22,%22header_3_text_color%22%93}&#8221; theme_builder_area=&#8221;post_content&#8221;][\/et_pb_post_title][\/et_pb_column][\/et_pb_row][et_pb_row custom_padding_last_edited=&#8221;on|phone&#8221; _builder_version=&#8221;4.16&#8243; _module_preset=&#8221;default&#8221; background_color=&#8221;#FFFFFF&#8221; width=&#8221;100%&#8221; max_width=&#8221;1000px&#8221; max_width_tablet=&#8221;864px&#8221; max_width_phone=&#8221;100%&#8221; max_width_last_edited=&#8221;on|phone&#8221; module_alignment=&#8221;center&#8221; custom_margin=&#8221;0px||||false|false&#8221; custom_padding=&#8221;96px|96px|96px|96px|true|true&#8221; custom_padding_tablet=&#8221;96px|96px|96px|96px|true|true&#8221; custom_padding_phone=&#8221;16px|16px|16px|16px|true|true&#8221; border_radii=&#8221;on|8px|8px|8px|8px&#8221; border_width_all=&#8221;1px&#8221; border_color_all=&#8221;gcid-c116beea-4852-4276-9442-4499393a3bfb&#8221; border_radii_tablet=&#8221;on|8px|8px|8px|8px&#8221; border_radii_phone=&#8221;on|0px|0px|0px|0px&#8221; border_radii_last_edited=&#8221;on|phone&#8221; border_width_all_tablet=&#8221;1px&#8221; border_width_all_phone=&#8221;0px&#8221; border_width_all_last_edited=&#8221;on|desktop&#8221; global_colors_info=&#8221;{%22gcid-c116beea-4852-4276-9442-4499393a3bfb%22:%91%22border_color_all%22%93}&#8221; theme_builder_area=&#8221;post_content&#8221;][et_pb_column type=&#8221;4_4&#8243; _builder_version=&#8221;4.16&#8243; _module_preset=&#8221;default&#8221; custom_padding_tablet=&#8221;&#8221; custom_padding_phone=&#8221;|0px||0px|false|false&#8221; custom_padding_last_edited=&#8221;on|phone&#8221; global_colors_info=&#8221;{}&#8221; theme_builder_area=&#8221;post_content&#8221;][et_pb_text content_tablet=&#8221;<\/p>\n<h4>2020.11.02<\/h4>\n<h2>Etiam porta sem malesuada magna mollis.<\/h2>\n<h3>Curabitur blandit tempus porttitor. Maecenas sed diam eget risus varius blandit sit amet non magna. Nullam quis risus eget urna mollis ornare vel eu leo. Nullam id dolor id nibh ultricies vehicula ut id elit. Donec ullamcorper nulla non metus auctor fringilla. Cras mattis consectetur purus sit amet fermentum.<\/h3>\n<p>&#8221; content_phone=&#8221;<\/p>\n<h5>Wise trees &#8211; b\u00f6lcs f\u00e1k<\/h5>\n<h6>Matuzs\u00e1lem f\u00e1k \u2013 gy\u0171jtem\u00e9nyes \u00e9s t\u00f6rt\u00e9neti kertek rejtett kincseinek meg\u0151rz\u00e9se, \u00e9s<br \/>vonzerej\u00fckre \u00e9p\u00edtve a kertek, mint z\u00f6ld turisztikai c\u00e9lpontok n\u00e9pszer\u0171s\u00edt\u00e9se<\/h6>\n<h6>A projekt c\u00edme: Preservation and Increasing attractivity of ancient trees as hidden treasures in historic gardens towards green tourism (SKHU\/1902\/4.1\/110)<\/h6>\n<p>&#8221; content_last_edited=&#8221;off|phone&#8221; _builder_version=&#8221;4.21.0&#8243; _module_preset=&#8221;default&#8221; header_line_height=&#8221;37px&#8221; header_2_font=&#8221;|700|||||||&#8221; header_2_text_color=&#8221;#224108&#8243; header_2_font_size=&#8221;30px&#8221; header_2_line_height=&#8221;27px&#8221; header_3_font=&#8221;Montserrat|600|||||||&#8221; header_3_text_color=&#8221;gcid-1b2faf1f-066d-4675-b6a7-399b56f31639&#8243; header_3_font_size=&#8221;16px&#8221; header_3_line_height=&#8221;20px&#8221; header_4_font=&#8221;Montserrat|700|||||||&#8221; header_4_text_color=&#8221;gcid-1b2faf1f-066d-4675-b6a7-399b56f31639&#8243; header_4_font_size=&#8221;12px&#8221; header_4_letter_spacing=&#8221;0.5px&#8221; header_4_line_height=&#8221;18px&#8221; header_5_font=&#8221;|800||on|||||&#8221; header_5_text_color=&#8221;#224108&#8243; header_5_font_size=&#8221;22px&#8221; header_5_line_height=&#8221;27px&#8221; header_6_font=&#8221;|700|||||||&#8221; header_6_text_color=&#8221;#224108&#8243; header_6_font_size=&#8221;18px&#8221; header_6_line_height=&#8221;22px&#8221; width=&#8221;65%&#8221; custom_padding=&#8221;|0px||0px|false|true&#8221; hover_enabled=&#8221;0&#8243; header_2_font_size_tablet=&#8221;30px&#8221; header_2_font_size_phone=&#8221;22px&#8221; header_2_font_size_last_edited=&#8221;on|phone&#8221; custom_css_main_element=&#8221;display: inline-block;&#8221; global_colors_info=&#8221;{%22gcid-1b2faf1f-066d-4675-b6a7-399b56f31639%22:%91%22header_4_text_color%22,%22header_3_text_color%22%93}&#8221; theme_builder_area=&#8221;post_content&#8221; sticky_enabled=&#8221;0&#8243;]<\/p>\n<h5>UPLOADING IN PROGRESS&#8230;<\/h5>\n<p>[\/et_pb_text][\/et_pb_column][\/et_pb_row][\/et_pb_section]<\/p>\n","protected":false},"excerpt":{"rendered":"<p>UPLOADING IN PROGRESS&#8230;<\/p>\n","protected":false},"author":1,"featured_media":0,"parent":0,"menu_order":0,"comment_status":"closed","ping_status":"closed","template":"","meta":{"_et_pb_use_builder":"on","_et_pb_old_content":"<!-- wp:divi\/placeholder \/-->","_et_gb_content_width":"","footnotes":""},"class_list":["post-713","page","type-page","status-publish","hentry"],"_links":{"self":[{"href":"http:\/\/wisetrees.eu\/index.php?rest_route=\/wp\/v2\/pages\/713","targetHints":{"allow":["GET"]}}],"collection":[{"href":"http:\/\/wisetrees.eu\/index.php?rest_route=\/wp\/v2\/pages"}],"about":[{"href":"http:\/\/wisetrees.eu\/index.php?rest_route=\/wp\/v2\/types\/page"}],"author":[{"embeddable":true,"href":"http:\/\/wisetrees.eu\/index.php?rest_route=\/wp\/v2\/users\/1"}],"replies":[{"embeddable":true,"href":"http:\/\/wisetrees.eu\/index.php?rest_route=%2Fwp%2Fv2%2Fcomments&post=713"}],"version-history":[{"count":3,"href":"http:\/\/wisetrees.eu\/index.php?rest_route=\/wp\/v2\/pages\/713\/revisions"}],"predecessor-version":[{"id":720,"href":"http:\/\/wisetrees.eu\/index.php?rest_route=\/wp\/v2\/pages\/713\/revisions\/720"}],"wp:attachment":[{"href":"http:\/\/wisetrees.eu\/index.php?rest_route=%2Fwp%2Fv2%2Fmedia&parent=713"}],"curies":[{"name":"wp","href":"https:\/\/api.w.org\/{rel}","templated":true}]}}