{"id":48,"date":"2021-12-22T09:24:26","date_gmt":"2021-12-22T09:24:26","guid":{"rendered":"https:\/\/wisetrees.eu\/?page_id=48"},"modified":"2024-03-08T11:14:00","modified_gmt":"2024-03-08T11:14:00","slug":"about","status":"publish","type":"page","link":"http:\/\/wisetrees.eu\/?page_id=48","title":{"rendered":"R\u00f3lunk"},"content":{"rendered":"<p>[et_pb_section fb_built=&#8221;1&#8243; custom_padding_last_edited=&#8221;on|phone&#8221; _builder_version=&#8221;4.16&#8243; _module_preset=&#8221;default&#8221; background_image=&#8221;https:\/\/wisetrees.eu\/wp-content\/uploads\/2021\/12\/BG_Landing.svg&#8221; background_size=&#8221;contain&#8221; background_position=&#8221;top_center&#8221; custom_margin_tablet=&#8221;&#8221; custom_margin_phone=&#8221;|0px||0px|false|true&#8221; custom_margin_last_edited=&#8221;on|phone&#8221; custom_padding=&#8221;29px||||false|false&#8221; custom_padding_tablet=&#8221;72px||||false|false&#8221; custom_padding_phone=&#8221;0px|0px|0px|0px|true|true&#8221; background_last_edited=&#8221;on|phone&#8221; background_enable_image_phone=&#8221;off&#8221; global_colors_info=&#8221;{}&#8221;][et_pb_row custom_padding_last_edited=&#8221;on|phone&#8221; _builder_version=&#8221;4.16&#8243; _module_preset=&#8221;default&#8221; width=&#8221;100%&#8221; max_width=&#8221;1000px&#8221; custom_padding_tablet=&#8221;&#8221; custom_padding_phone=&#8221;|16px||16px|false|true&#8221; global_colors_info=&#8221;{}&#8221;][et_pb_column type=&#8221;4_4&#8243; _builder_version=&#8221;4.16&#8243; _module_preset=&#8221;default&#8221; global_colors_info=&#8221;{}&#8221;][et_pb_post_title meta=&#8221;off&#8221; date_format=&#8221;Y.m.d&#8221; featured_image=&#8221;off&#8221; _builder_version=&#8221;4.16&#8243; _module_preset=&#8221;default&#8221; title_font=&#8221;|700|||||||&#8221; title_text_color=&#8221;#224108&#8243; title_font_size=&#8221;30px&#8221; title_line_height=&#8221;27px&#8221; meta_font=&#8221;|700|||||||&#8221; meta_text_color=&#8221;#224108&#8243; meta_font_size=&#8221;30px&#8221; meta_line_height=&#8221;37px&#8221; title_font_size_tablet=&#8221;30px&#8221; title_font_size_phone=&#8221;22px&#8221; title_font_size_last_edited=&#8221;on|phone&#8221; global_colors_info=&#8221;{%22gcid-1b2faf1f-066d-4675-b6a7-399b56f31639%22:%91%22header_4_text_color%22,%22header_3_text_color%22%93}&#8221;][\/et_pb_post_title][\/et_pb_column][\/et_pb_row][et_pb_row custom_padding_last_edited=&#8221;on|phone&#8221; _builder_version=&#8221;4.16&#8243; _module_preset=&#8221;default&#8221; background_color=&#8221;#FFFFFF&#8221; width=&#8221;100%&#8221; max_width=&#8221;1000px&#8221; max_width_tablet=&#8221;864px&#8221; max_width_phone=&#8221;100%&#8221; max_width_last_edited=&#8221;on|phone&#8221; module_alignment=&#8221;center&#8221; custom_margin=&#8221;0px||||false|false&#8221; custom_padding=&#8221;96px|96px|96px|96px|true|true&#8221; custom_padding_tablet=&#8221;96px|96px|96px|96px|true|true&#8221; custom_padding_phone=&#8221;16px|16px|16px|16px|true|true&#8221; border_radii=&#8221;on|8px|8px|8px|8px&#8221; border_width_all=&#8221;1px&#8221; border_color_all=&#8221;gcid-c116beea-4852-4276-9442-4499393a3bfb&#8221; border_radii_tablet=&#8221;on|8px|8px|8px|8px&#8221; border_radii_phone=&#8221;on|0px|0px|0px|0px&#8221; border_radii_last_edited=&#8221;on|phone&#8221; border_width_all_tablet=&#8221;1px&#8221; border_width_all_phone=&#8221;0px&#8221; border_width_all_last_edited=&#8221;on|desktop&#8221; global_colors_info=&#8221;{%22gcid-c116beea-4852-4276-9442-4499393a3bfb%22:%91%22border_color_all%22%93}&#8221;][et_pb_column type=&#8221;4_4&#8243; _builder_version=&#8221;4.16&#8243; _module_preset=&#8221;default&#8221; custom_padding_tablet=&#8221;&#8221; custom_padding_phone=&#8221;|0px||0px|false|false&#8221; custom_padding_last_edited=&#8221;on|phone&#8221; global_colors_info=&#8221;{}&#8221;][et_pb_text content_tablet=&#8221;<\/p>\n<h4>2020.11.02<\/h4>\n<h2>Etiam porta sem malesuada magna mollis.<\/h2>\n<h3>Curabitur blandit tempus porttitor. Maecenas sed diam eget risus varius blandit sit amet non magna. Nullam quis risus eget urna mollis ornare vel eu leo. Nullam id dolor id nibh ultricies vehicula ut id elit. Donec ullamcorper nulla non metus auctor fringilla. Cras mattis consectetur purus sit amet fermentum.<\/h3>\n<p>&#8221; content_phone=&#8221;<\/p>\n<h5>Wise trees &#8211; b\u00f6lcs f\u00e1k<\/h5>\n<h6>Matuzs\u00e1lem f\u00e1k \u2013 gy\u0171jtem\u00e9nyes \u00e9s t\u00f6rt\u00e9neti kertek rejtett kincseinek meg\u0151rz\u00e9se, \u00e9s<br \/>vonzerej\u00fckre \u00e9p\u00edtve a kertek, mint z\u00f6ld turisztikai c\u00e9lpontok n\u00e9pszer\u0171s\u00edt\u00e9se<\/h6>\n<h6>A projekt c\u00edme: Preservation and Increasing attractivity of ancient trees as hidden treasures in historic gardens towards green tourism (SKHU\/1902\/4.1\/110)<\/h6>\n<p>&#8221; content_last_edited=&#8221;off|phone&#8221; _builder_version=&#8221;4.16&#8243; _module_preset=&#8221;default&#8221; header_line_height=&#8221;37px&#8221; header_2_font=&#8221;|700|||||||&#8221; header_2_text_color=&#8221;#224108&#8243; header_2_font_size=&#8221;30px&#8221; header_2_line_height=&#8221;27px&#8221; header_3_font=&#8221;Montserrat|600|||||||&#8221; header_3_text_color=&#8221;gcid-1b2faf1f-066d-4675-b6a7-399b56f31639&#8243; header_3_font_size=&#8221;16px&#8221; header_3_line_height=&#8221;20px&#8221; header_4_font=&#8221;Montserrat|700|||||||&#8221; header_4_text_color=&#8221;gcid-1b2faf1f-066d-4675-b6a7-399b56f31639&#8243; header_4_font_size=&#8221;12px&#8221; header_4_letter_spacing=&#8221;0.5px&#8221; header_4_line_height=&#8221;18px&#8221; header_5_font=&#8221;|800||on|||||&#8221; header_5_text_color=&#8221;#224108&#8243; header_5_font_size=&#8221;22px&#8221; header_5_line_height=&#8221;27px&#8221; header_6_font=&#8221;|700|||||||&#8221; header_6_text_color=&#8221;#224108&#8243; header_6_font_size=&#8221;18px&#8221; header_6_line_height=&#8221;22px&#8221; width=&#8221;65%&#8221; custom_padding=&#8221;|0px||0px|false|true&#8221; header_2_font_size_tablet=&#8221;30px&#8221; header_2_font_size_phone=&#8221;22px&#8221; header_2_font_size_last_edited=&#8221;on|phone&#8221; custom_css_main_element=&#8221;display: inline-block;&#8221; global_colors_info=&#8221;{%22gcid-1b2faf1f-066d-4675-b6a7-399b56f31639%22:%91%22header_4_text_color%22,%22header_3_text_color%22%93}&#8221;]<\/p>\n<h5>Wise trees &#8211; b\u00f6lcs f\u00e1k<\/h5>\n<h6>Matuzs\u00e1lem f\u00e1k \u2013 gy\u0171jtem\u00e9nyes \u00e9s t\u00f6rt\u00e9neti kertek rejtett kincseinek meg\u0151rz\u00e9se, \u00e9s<br \/>vonzerej\u00fckre \u00e9p\u00edtve a kertek, mint z\u00f6ld turisztikai c\u00e9lpontok n\u00e9pszer\u0171s\u00edt\u00e9se<\/h6>\n<h6>A projekt c\u00edme: Preservation and Increasing attractivity of ancient trees as hidden treasures in historic gardens towards green tourism (SKHU\/1902\/4.1\/110)<\/h6>\n<p>[\/et_pb_text][et_pb_image src=&#8221;https:\/\/wisetrees.eu\/wp-content\/uploads\/2021\/12\/aboutLogo.png&#8221; title_text=&#8221;aboutLogo&#8221; _builder_version=&#8221;4.16&#8243; _module_preset=&#8221;default&#8221; positioning=&#8221;relative&#8221; position_origin_r=&#8221;bottom_left&#8221; vertical_offset=&#8221;64px&#8221; vertical_offset_tablet=&#8221;64px&#8221; vertical_offset_phone=&#8221;13px&#8221; vertical_offset_last_edited=&#8221;on|phone&#8221; width=&#8221;35%&#8221; custom_padding=&#8221;|0px||0px|false|true&#8221; custom_css_main_element=&#8221;display: inline-block;&#8221; global_colors_info=&#8221;{%22gcid-1b2faf1f-066d-4675-b6a7-399b56f31639%22:%91%22header_4_text_color%22,%22header_3_text_color%22%93}&#8221;][\/et_pb_image][et_pb_text _builder_version=&#8221;4.16&#8243; _module_preset=&#8221;default&#8221; text_font=&#8221;Nunito Sans||||||||&#8221; text_text_color=&#8221;gcid-849e22c0-4897-4007-bb2d-b0486f48174c&#8221; text_font_size=&#8221;16px&#8221; text_line_height=&#8221;26px&#8221; header_3_font=&#8221;|800|||||||&#8221; header_3_text_color=&#8221;#224108&#8243; header_3_line_height=&#8221;22px&#8221; custom_padding=&#8221;|0px||0px|false|true&#8221; header_3_font_size_tablet=&#8221;&#8221; header_3_font_size_phone=&#8221;18px&#8221; header_3_font_size_last_edited=&#8221;on|phone&#8221; global_colors_info=&#8221;{%22gcid-1b2faf1f-066d-4675-b6a7-399b56f31639%22:%91%22header_4_text_color%22,%22header_3_text_color%22,%22header_4_text_color%22,%22header_3_text_color%22%93,%22gcid-849e22c0-4897-4007-bb2d-b0486f48174c%22:%91%22text_text_color%22%93}&#8221;]<\/p>\n<p>A WISE TREES projekt strat\u00e9giai c\u00e9lja a szlov\u00e1k-magyar hat\u00e1rmenti t\u00e9rs\u00e9gben m\u0171k\u00f6d\u0151 t\u00f6rt\u00e9neti \u00e9s gy\u0171jtem\u00e9nyes kertek hossz\u00fat\u00e1v\u00fa egy\u00fcttm\u0171k\u00f6d\u00e9s\u00e9nek kialak\u00edt\u00e1sa a kertturizmus fejleszt\u00e9se \u00e9rdek\u00e9ben.<\/p>\n<p>K\u00e9t orsz\u00e1gos szakmai erny\u0151szervezet \u2013 a magyarorsz\u00e1gi MABOSZ \u00e9s a szlov\u00e1kiai N\u00e1rodn\u00fd Trust \u2013 egy\u00fctt \u00faj szolg\u00e1ltat\u00e1sokat hoznak l\u00e9tre, hogy t\u00e1mogass\u00e1k a kertfenntart\u00f3kat a koros f\u00e1k meg\u0151rz\u00e9s\u00e9ben, vizsg\u00e1lat\u00e1ban, kezel\u00e9s\u00e9ben \u00e9s megismertet\u00e9s\u00e9ben, valamint a r\u00e9gi\u00f3ban \u00e9l\u0151ket \u00e9s turist\u00e1kat abban, hogy megtal\u00e1lj\u00e1k, megismerj\u00e9k \u00e9s megszeress\u00e9k a matuzs\u00e1lem f\u00e1kat \u00e9s a kerteket, ahol t\u00f6bb mint egy \u00e9vsz\u00e1zada \u00e9lnek.<\/p>\n<p>Ehhez az \u00f6sszesen kb. 110 kertet t\u00e1mogat\u00f3 \u00e9s \u00f6sszefog\u00f3, t\u00f6bb mint 20 \u00e9ve m\u0171k\u00f6d\u0151 partner szervezetek kapacit\u00e1sfejleszt\u00e9se is sz\u00fcks\u00e9ges. Speci\u00e1lis berendez\u00e9seket v\u00e1s\u00e1rolnak a f\u00e1k eg\u00e9szs\u00e9gi \u00e1llapot\u00e1nak m\u00e9r\u00e9s\u00e9re \u00e9s vizsg\u00e1lat\u00e1ra, elk\u00e9sz\u00edttetik a kiv\u00e1lasztott id\u0151s f\u00e1k kezel\u00e9si terveit a t\u00f6rt\u00e9neti \u00e9s gy\u0171jtem\u00e9nyes kertek r\u00e9sz\u00e9re.<\/p>\n<p>Alapos adatgy\u0171jt\u00e9st k\u00f6vet\u0151en 80 matuzs\u00e1lem fa vizsg\u00e1lat\u00e1ra ker\u00fcl sor, melyekb\u0151l 10 szakszer\u0171 kezel\u00e9sben is r\u00e9szes\u00fcl fa\u00e1pol\u00e1si szakemberek bevon\u00e1s\u00e1val, a partner szakmai szervezetek speci\u00e1lis dendrol\u00f3giai ismeretei \u00e9s \u201edendrofil\u201d megk\u00f6zel\u00edt\u00e9se szerint. Egynapos kultur\u00e1lis fesztiv\u00e1llal \u00fcnnepelj\u00fck 1\u20131 fa meg\u00fajul\u00e1s\u00e1t a helyi k\u00f6z\u00f6ss\u00e9ggel \u00e9s a f\u00e1k szerelmeseivel egy\u00fctt.<\/p>\n<p>A kertek l\u00e1togat\u00f3i belecs\u00f6ppenhetnek 10 kiv\u00e1lasztott fa \u00e9s kertje izgalmas t\u00f6rt\u00e9net\u00e9be a szlov\u00e1kiai partner fejleszt\u00e9se eredm\u00e9nyek\u00e9nt let\u00f6lthet\u0151 \u00faj audioguide App seg\u00edts\u00e9g\u00e9vel. A projekt els\u0151 f\u00e9l\u00e9v\u00e9ben elk\u00e9sz\u00fcl\u0151 adatb\u00e1zis \u00e9s professzion\u00e1lis k\u00e9pi anyag alkotj\u00e1k a MABOSZ koordin\u00e1l\u00e1s\u00e1val k\u00e9sz\u00fcl\u0151 WiseTrees dinamikus weboldal alapj\u00e1t, ahol az emberek szem\u00e9lyes preferenci\u00e1ik alapj\u00e1n kir\u00e1ndul\u00e1st tervezhetnek egy kiv\u00e1lasztott f\u00e1hoz, illetve kertbe. Ez lesz az els\u0151 fel\u00fclet, ahol k\u00fcl\u00f6nb\u00f6z\u0151 turisztikai szolg\u00e1ltat\u00e1si ig\u00e9nyek alapj\u00e1n, h\u00e1rom nyelven kereshet\u0151k \u00e9s sz\u0171rhet\u0151k a gy\u0171jtem\u00e9nyes kertek \u00e9s a matuzs\u00e1lem f\u00e1k.<\/p>\n<p>A kertfenntart\u00f3kat \u00faj, a koros f\u00e1k \u00e1pol\u00e1s\u00e1val \u00e9s kezel\u00e9s\u00e9vel foglalkoz\u00f3 k\u00e9pz\u00e9s\u00fcnkre h\u00edvjuk meg, a turisztikai szakembereket \u00e9s \u00fajs\u00e1g\u00edr\u00f3kat pedig tanulm\u00e1nyutakra, hogy megalapozzuk a hossz\u00fa t\u00e1v\u00fa egy\u00fcttm\u0171k\u00f6d\u00e9st e l\u00e1tv\u00e1nyoss\u00e1gok meg\u0151rz\u00e9se \u00e9s n\u00e9pszer\u0171s\u00edt\u00e9se \u00e9rdek\u00e9ben.<\/p>\n<p>A Projekt az <strong><span style=\"text-decoration: underline;\"><a href=\"https:\/\/www.skhu.eu\/\" target=\"_blank\" rel=\"noopener\" style=\"color: #743b27; text-decoration: underline;\">Interreg V-A Szlov\u00e1kia-Magyarorsz\u00e1g Egy\u00fcttm\u0171k\u00f6d\u00e9sei Program<\/a><\/span><\/strong> keret\u00e9ben, az Eur\u00f3pai Region\u00e1lis Fejleszt\u00e9si Alap t\u00e1mogat\u00e1s\u00e1val, az Eur\u00f3pai Uni\u00f3 \u00e9s a Magyar \u00c1llam t\u00e1rsfinansz\u00edroz\u00e1s\u00e1val val\u00f3sul meg.<\/p>\n<p>[\/et_pb_text][et_pb_text _builder_version=&#8221;4.16&#8243; _module_preset=&#8221;default&#8221; text_font=&#8221;Nunito Sans||||||||&#8221; text_text_color=&#8221;gcid-849e22c0-4897-4007-bb2d-b0486f48174c&#8221; text_font_size=&#8221;16px&#8221; text_line_height=&#8221;26px&#8221; header_3_font=&#8221;|800|||||||&#8221; header_3_text_color=&#8221;#224108&#8243; header_3_line_height=&#8221;22px&#8221; header_4_font=&#8221;|700|||||||&#8221; header_4_text_color=&#8221;gcid-1b2faf1f-066d-4675-b6a7-399b56f31639&#8243; header_4_line_height=&#8221;22px&#8221; custom_padding=&#8221;|0px||0px|false|true&#8221; header_3_font_size_tablet=&#8221;&#8221; header_3_font_size_phone=&#8221;18px&#8221; header_3_font_size_last_edited=&#8221;on|phone&#8221; global_colors_info=&#8221;{%22gcid-1b2faf1f-066d-4675-b6a7-399b56f31639%22:%91%22header_4_text_color%22,%22header_3_text_color%22,%22header_4_text_color%22,%22header_3_text_color%22%93,%22gcid-849e22c0-4897-4007-bb2d-b0486f48174c%22:%91%22text_text_color%22%93}&#8221;]<\/p>\n<h4>Projektpartnerek:<\/h4>\n<p><strong>Vezet\u0151 Partner:<\/strong> Magyar Arbor\u00e9tumok \u00e9s Botanikus Kertek Sz\u00f6vets\u00e9ge<\/p>\n<p><strong>Szlov\u00e1kiai partner:<\/strong> N\u00e1rodn\u00fd Trust n.o. <span style=\"text-decoration: underline;\"><strong><a href=\"http:\/\/www.nt.sk\" style=\"color: #743b27; text-decoration: underline;\">www.nt.sk<\/a><\/strong><\/span><\/p>\n<p><span style=\"text-decoration: underline;\"><strong><\/strong><\/span><\/p>\n<h4>Egy\u00fcttm\u0171k\u00f6d\u00e9s\u00fcnk el\u0151nyei:<\/h4>\n<ul>\n<li>k\u00f6lcs\u00f6n\u00f6s tud\u00e1s \u00e9s tapasztalatcsere, k\u00f6z\u00f6s gondolkod\u00e1s (a koros f\u00e1k felm\u00e9r\u00e9se \u00e9s \u00e1pol\u00e1sa, illetve a t\u00f6rt\u00e9neti kertek n\u00e9pszer\u0171s\u00edt\u00e9se ter\u00e9n)<\/li>\n<li>hasonl\u00f3 szakter\u00fcleten m\u0171k\u00f6d\u0151 NGO-k hat\u00e1ron \u00e1t\u00edvel\u0151 egy\u00fcttm\u0171k\u00f6d\u00e9se, \u00e9rt\u00e9kmeg\u0151rz\u0151 \u00e9s \u00e9rt\u00e9kk\u00f6zvet\u00edt\u0151 szolg\u00e1ltat\u00e1s fejleszt\u00e9se<\/li>\n<li>region\u00e1lis, hat\u00e1ron \u00e1t\u00edvel\u0151 koh\u00e9zi\u00f3 er\u0151s\u00f6d\u00e9se<\/li>\n<\/ul>\n<p>&nbsp;<\/p>\n<h4>A projekt megval\u00f3s\u00edt\u00e1s\u00e1nak ideje:<\/h4>\n<p>2021.01.01 \u2013 2022.04.30<\/p>\n<p>&nbsp;<\/p>\n<h4>Projekt k\u00f6lts\u00e9gvet\u00e9se:<\/h4>\n<p><strong>\u00d6sszesen:<\/strong> 194 788 EUR<\/p>\n<p><strong>MABOSZ:<\/strong> 118 588 EUR<\/p>\n<p><strong>NT:<\/strong> 76 200 EUR<\/p>\n<p>&nbsp;<\/p>\n<h4>T\u00e1mogat\u00e1sok \u00f6sszegei:<\/h4>\n<table border=\"1\" style=\"display: none; width: 100%; border-collapse: collapse; border-style: solid; border-color: #eff3e9; height: 120px;\">\n<tbody>\n<tr style=\"height: 48px;\">\n<td style=\"width: 25%; height: 48px;\"><strong>Forr\u00e1s<\/strong><\/td>\n<td style=\"width: 25%; height: 48px;\"><strong>\u00d6sszeg (EUR)<\/strong><\/td>\n<td style=\"width: 16.2621%; height: 48px;\"><strong>MABOSZ (EUR)<\/strong><\/td>\n<td style=\"width: 33.7379%; height: 48px;\"><strong>N\u00e1rodn\u00fd Trust n.o. (EUR)<\/strong><\/td>\n<\/tr>\n<tr style=\"height: 24px;\">\n<td style=\"width: 25%; height: 24px;\"><strong>EU Eur\u00f3pai Region\u00e1lis Fejleszt\u00e9si Alap (ERFA)<\/strong><\/td>\n<td style=\"width: 25%; height: 24px;\">165 569,80<\/td>\n<td style=\"width: 16.2621%; height: 24px;\">100 799,80<\/td>\n<td style=\"width: 33.7379%; height: 24px;\">64 770,00<\/td>\n<\/tr>\n<tr style=\"height: 24px;\">\n<td style=\"width: 25%; height: 24px;\"><strong>Nemzeti t\u00e1rsfinansz\u00edroz\u00e1s<\/strong><\/td>\n<td style=\"width: 25%; height: 24px;\">19 478,80<\/td>\n<td style=\"width: 16.2621%; height: 24px;\">11 858,80<\/td>\n<td style=\"width: 33.7379%; height: 24px;\">7 620,00<\/td>\n<\/tr>\n<tr style=\"height: 24px;\">\n<td style=\"width: 25%; height: 24px;\"><strong>Saj\u00e1t hozz\u00e1j\u00e1rul\u00e1s<\/strong><\/td>\n<td style=\"width: 25%; height: 24px;\">9 739,40<\/td>\n<td style=\"width: 16.2621%; height: 24px;\">5 929,40<\/td>\n<td style=\"width: 33.7379%; height: 24px;\">3 810,00<\/td>\n<\/tr>\n<\/tbody>\n<\/table>\n<p>[\/et_pb_text][et_pb_image src=&#8221;https:\/\/wisetrees.eu\/wp-content\/uploads\/2021\/12\/Tablazat.png&#8221; title_text=&#8221;Tablazat&#8221; _builder_version=&#8221;4.16&#8243; _module_preset=&#8221;default&#8221; global_colors_info=&#8221;{}&#8221;][\/et_pb_image][et_pb_text _builder_version=&#8221;4.16&#8243; _module_preset=&#8221;default&#8221; text_font=&#8221;Nunito Sans||||||||&#8221; text_text_color=&#8221;gcid-849e22c0-4897-4007-bb2d-b0486f48174c&#8221; text_font_size=&#8221;16px&#8221; text_line_height=&#8221;26px&#8221; header_3_font=&#8221;|800|||||||&#8221; header_3_text_color=&#8221;#224108&#8243; header_3_line_height=&#8221;22px&#8221; header_4_font=&#8221;|700|||||||&#8221; header_4_text_color=&#8221;gcid-1b2faf1f-066d-4675-b6a7-399b56f31639&#8243; header_4_line_height=&#8221;22px&#8221; custom_padding=&#8221;|0px||0px|false|true&#8221; header_3_font_size_tablet=&#8221;&#8221; header_3_font_size_phone=&#8221;18px&#8221; header_3_font_size_last_edited=&#8221;on|phone&#8221; global_colors_info=&#8221;{%22gcid-1b2faf1f-066d-4675-b6a7-399b56f31639%22:%91%22header_4_text_color%22,%22header_3_text_color%22,%22header_4_text_color%22,%22header_3_text_color%22%93,%22gcid-849e22c0-4897-4007-bb2d-b0486f48174c%22:%91%22text_text_color%22%93}&#8221;]<\/p>\n<h4>T\u00e1mogat\u00f3 program:<\/h4>\n<p>Az Eur\u00f3pi Region\u00e1lis Fejleszt\u00e9si Alap \u00e9s Magyarorsz\u00e1g t\u00e1rsfinansz\u00edroz\u00e1s\u00e1val megval\u00f3sul\u00f3<\/p>\n<p>Szlov\u00e1kia Magyarorsz\u00e1g Hat\u00e1ron \u00c1tny\u00fal\u00f3 Egy\u00fcttm\u0171k\u00f6d\u00e9si Program (Interreg SKHU)<\/p>\n<p><span style=\"text-decoration: underline;\"><strong><\/strong><\/span><\/p>\n<h4>Priorit\u00e1s:<\/h4>\n<p><strong>4. \u2013<\/strong>Enhancing cross-border cooperation of public authorities and people living in the border area<\/p>\n<p><strong>4.1 \u2013<\/strong> Improving the level of cross border inter-institutional cooperation and broadening cross border cooperation between citizens.<\/p>\n<p><strong>4.1\/2 \u2013<\/strong> Development of new cross-border services<\/p>\n<p>&nbsp;<\/p>\n<h4>B\u0151vebb inform\u00e1ci\u00f3:<\/h4>\n<p><strong><span style=\"text-decoration: underline;\"><a style=\"color: #743b27; text-decoration: underline;\" mailto:office=\"\" mabotkertek=\"\" hu=\"\">office@mabotkertek.hu<\/a><\/span><\/strong><\/p>\n<p><span>+36306933289<\/span><\/p>\n<p>[\/et_pb_text][et_pb_image src=&#8221;https:\/\/wisetrees.eu\/wp-content\/uploads\/2021\/12\/Logo_slogen_color_SKHU_HU_RGB_-1.png&#8221; title_text=&#8221;Logo_slogen_color_SKHU_HU_RGB_ 1&#8243; _builder_version=&#8221;4.16&#8243; _module_preset=&#8221;default&#8221; global_colors_info=&#8221;{}&#8221;][\/et_pb_image][et_pb_text _builder_version=&#8221;4.16&#8243; _module_preset=&#8221;default&#8221; text_font=&#8221;Nunito Sans||||||||&#8221; text_text_color=&#8221;gcid-849e22c0-4897-4007-bb2d-b0486f48174c&#8221; text_font_size=&#8221;16px&#8221; text_line_height=&#8221;26px&#8221; header_3_font=&#8221;|800|||||||&#8221; header_3_text_color=&#8221;#224108&#8243; header_3_line_height=&#8221;22px&#8221; header_4_font=&#8221;|700|||||||&#8221; header_4_text_color=&#8221;gcid-1b2faf1f-066d-4675-b6a7-399b56f31639&#8243; header_4_line_height=&#8221;22px&#8221; custom_padding=&#8221;|0px|3px|0px|false|true&#8221; header_3_font_size_tablet=&#8221;&#8221; header_3_font_size_phone=&#8221;18px&#8221; header_3_font_size_last_edited=&#8221;on|phone&#8221; global_colors_info=&#8221;{%22gcid-1b2faf1f-066d-4675-b6a7-399b56f31639%22:%91%22header_4_text_color%22,%22header_3_text_color%22,%22header_4_text_color%22,%22header_3_text_color%22%93,%22gcid-849e22c0-4897-4007-bb2d-b0486f48174c%22:%91%22text_text_color%22%93}&#8221;]<\/p>\n<p><span>A weboldal tartalma nem felt\u00e9tlen\u00fcl t\u00fckr\u00f6zi az Eur\u00f3pai Uni\u00f3 hivatalos \u00e1ll\u00e1spontj\u00e1t!<\/span><\/p>\n<table border=\"1\" style=\"display: none; width: 100%; border-collapse: collapse; border-style: solid; border-color: #eff3e9; height: 120px;\">\n<tbody>\n<tr style=\"height: 48px;\">\n<td style=\"width: 25%; height: 48px;\"><strong>Forr\u00e1s<\/strong><\/td>\n<td style=\"width: 25%; height: 48px;\"><strong>\u00d6sszeg (EUR)<\/strong><\/td>\n<td style=\"width: 16.2621%; height: 48px;\"><strong>MABOSZ (EUR)<\/strong><\/td>\n<td style=\"width: 33.7379%; height: 48px;\"><strong>N\u00e1rodn\u00fd Trust n.o. (EUR)<\/strong><\/td>\n<\/tr>\n<tr style=\"height: 24px;\">\n<td style=\"width: 25%; height: 24px;\"><strong>EU Eur\u00f3pai Region\u00e1lis Fejleszt\u00e9si Alap (ERFA)<\/strong><\/td>\n<td style=\"width: 25%; height: 24px;\">165 569,80<\/td>\n<td style=\"width: 16.2621%; height: 24px;\">100 799,80<\/td>\n<td style=\"width: 33.7379%; height: 24px;\">64 770,00<\/td>\n<\/tr>\n<tr style=\"height: 24px;\">\n<td style=\"width: 25%; height: 24px;\"><strong>Nemzeti t\u00e1rsfinansz\u00edroz\u00e1s<\/strong><\/td>\n<td style=\"width: 25%; height: 24px;\">19 478,80<\/td>\n<td style=\"width: 16.2621%; height: 24px;\">11 858,80<\/td>\n<td style=\"width: 33.7379%; height: 24px;\">7 620,00<\/td>\n<\/tr>\n<tr style=\"height: 24px;\">\n<td style=\"width: 25%; height: 24px;\"><strong>Saj\u00e1t hozz\u00e1j\u00e1rul\u00e1s<\/strong><\/td>\n<td style=\"width: 25%; height: 24px;\">9 739,40<\/td>\n<td style=\"width: 16.2621%; height: 24px;\">5 929,40<\/td>\n<td style=\"width: 33.7379%; height: 24px;\">3 810,00<\/td>\n<\/tr>\n<\/tbody>\n<\/table>\n<p>[\/et_pb_text][\/et_pb_column][\/et_pb_row][\/et_pb_section]<\/p>\n","protected":false},"excerpt":{"rendered":"<p>Wise trees &#8211; b\u00f6lcs f\u00e1k Matuzs\u00e1lem f\u00e1k \u2013 gy\u0171jtem\u00e9nyes \u00e9s t\u00f6rt\u00e9neti kertek rejtett kincseinek meg\u0151rz\u00e9se, \u00e9svonzerej\u00fckre \u00e9p\u00edtve a kertek, mint z\u00f6ld turisztikai c\u00e9lpontok n\u00e9pszer\u0171s\u00edt\u00e9se A projekt c\u00edme: Preservation and Increasing attractivity of ancient trees as hidden treasures in historic gardens towards green tourism (SKHU\/1902\/4.1\/110)A WISE TREES projekt strat\u00e9giai c\u00e9lja a szlov\u00e1k-magyar hat\u00e1rmenti t\u00e9rs\u00e9gben m\u0171k\u00f6d\u0151 t\u00f6rt\u00e9neti [&hellip;]<\/p>\n","protected":false},"author":1,"featured_media":0,"parent":0,"menu_order":0,"comment_status":"closed","ping_status":"closed","template":"","meta":{"_et_pb_use_builder":"on","_et_pb_old_content":"<!-- wp:divi\/placeholder \/-->","_et_gb_content_width":"","footnotes":""},"class_list":["post-48","page","type-page","status-publish","hentry"],"_links":{"self":[{"href":"http:\/\/wisetrees.eu\/index.php?rest_route=\/wp\/v2\/pages\/48","targetHints":{"allow":["GET"]}}],"collection":[{"href":"http:\/\/wisetrees.eu\/index.php?rest_route=\/wp\/v2\/pages"}],"about":[{"href":"http:\/\/wisetrees.eu\/index.php?rest_route=\/wp\/v2\/types\/page"}],"author":[{"embeddable":true,"href":"http:\/\/wisetrees.eu\/index.php?rest_route=\/wp\/v2\/users\/1"}],"replies":[{"embeddable":true,"href":"http:\/\/wisetrees.eu\/index.php?rest_route=%2Fwp%2Fv2%2Fcomments&post=48"}],"version-history":[{"count":20,"href":"http:\/\/wisetrees.eu\/index.php?rest_route=\/wp\/v2\/pages\/48\/revisions"}],"predecessor-version":[{"id":699,"href":"http:\/\/wisetrees.eu\/index.php?rest_route=\/wp\/v2\/pages\/48\/revisions\/699"}],"wp:attachment":[{"href":"http:\/\/wisetrees.eu\/index.php?rest_route=%2Fwp%2Fv2%2Fmedia&parent=48"}],"curies":[{"name":"wp","href":"https:\/\/api.w.org\/{rel}","templated":true}]}}