{"id":477,"date":"2023-08-06T11:54:18","date_gmt":"2023-08-06T11:54:18","guid":{"rendered":"http:\/\/wisetrees.eu\/?page_id=477"},"modified":"2023-08-06T12:04:54","modified_gmt":"2023-08-06T12:04:54","slug":"o-nas","status":"publish","type":"page","link":"http:\/\/wisetrees.eu\/?page_id=477&lang=sk","title":{"rendered":"O n\u00e1s"},"content":{"rendered":"<p>[et_pb_section fb_built=&#8221;1&#8243; custom_padding_last_edited=&#8221;on|phone&#8221; _builder_version=&#8221;4.16&#8243; _module_preset=&#8221;default&#8221; background_image=&#8221;https:\/\/wisetrees.eu\/wp-content\/uploads\/2021\/12\/BG_Landing.svg&#8221; background_size=&#8221;contain&#8221; background_position=&#8221;top_center&#8221; custom_margin_tablet=&#8221;&#8221; custom_margin_phone=&#8221;|0px||0px|false|true&#8221; custom_margin_last_edited=&#8221;on|phone&#8221; custom_padding=&#8221;29px||||false|false&#8221; custom_padding_tablet=&#8221;72px||||false|false&#8221; custom_padding_phone=&#8221;0px|0px|0px|0px|true|true&#8221; background_last_edited=&#8221;on|phone&#8221; background_enable_image_phone=&#8221;off&#8221; global_colors_info=&#8221;{}&#8221;][et_pb_row custom_padding_last_edited=&#8221;on|phone&#8221; _builder_version=&#8221;4.16&#8243; _module_preset=&#8221;default&#8221; width=&#8221;100%&#8221; max_width=&#8221;1000px&#8221; custom_padding_tablet=&#8221;&#8221; custom_padding_phone=&#8221;|16px||16px|false|true&#8221; global_colors_info=&#8221;{}&#8221;][et_pb_column type=&#8221;4_4&#8243; _builder_version=&#8221;4.16&#8243; _module_preset=&#8221;default&#8221; global_colors_info=&#8221;{}&#8221;][et_pb_post_title meta=&#8221;off&#8221; date_format=&#8221;Y.m.d&#8221; featured_image=&#8221;off&#8221; _builder_version=&#8221;4.16&#8243; _module_preset=&#8221;default&#8221; title_font=&#8221;|700|||||||&#8221; title_text_color=&#8221;#224108&#8243; title_font_size=&#8221;30px&#8221; title_line_height=&#8221;27px&#8221; meta_font=&#8221;|700|||||||&#8221; meta_text_color=&#8221;#224108&#8243; meta_font_size=&#8221;30px&#8221; meta_line_height=&#8221;37px&#8221; title_font_size_tablet=&#8221;30px&#8221; title_font_size_phone=&#8221;22px&#8221; title_font_size_last_edited=&#8221;on|phone&#8221; global_colors_info=&#8221;{%22gcid-1b2faf1f-066d-4675-b6a7-399b56f31639%22:%91%22header_4_text_color%22,%22header_3_text_color%22%93}&#8221;][\/et_pb_post_title][\/et_pb_column][\/et_pb_row][et_pb_row custom_padding_last_edited=&#8221;on|phone&#8221; _builder_version=&#8221;4.16&#8243; _module_preset=&#8221;default&#8221; background_color=&#8221;#FFFFFF&#8221; width=&#8221;100%&#8221; max_width=&#8221;1000px&#8221; max_width_tablet=&#8221;864px&#8221; max_width_phone=&#8221;100%&#8221; max_width_last_edited=&#8221;on|phone&#8221; module_alignment=&#8221;center&#8221; custom_margin=&#8221;0px||||false|false&#8221; custom_padding=&#8221;96px|96px|96px|96px|true|true&#8221; custom_padding_tablet=&#8221;96px|96px|96px|96px|true|true&#8221; custom_padding_phone=&#8221;16px|16px|16px|16px|true|true&#8221; border_radii=&#8221;on|8px|8px|8px|8px&#8221; border_width_all=&#8221;1px&#8221; border_color_all=&#8221;gcid-c116beea-4852-4276-9442-4499393a3bfb&#8221; border_radii_tablet=&#8221;on|8px|8px|8px|8px&#8221; border_radii_phone=&#8221;on|0px|0px|0px|0px&#8221; border_radii_last_edited=&#8221;on|phone&#8221; border_width_all_tablet=&#8221;1px&#8221; border_width_all_phone=&#8221;0px&#8221; border_width_all_last_edited=&#8221;on|desktop&#8221; global_colors_info=&#8221;{%22gcid-c116beea-4852-4276-9442-4499393a3bfb%22:%91%22border_color_all%22%93}&#8221;][et_pb_column type=&#8221;4_4&#8243; _builder_version=&#8221;4.16&#8243; _module_preset=&#8221;default&#8221; custom_padding_tablet=&#8221;&#8221; custom_padding_phone=&#8221;|0px||0px|false|false&#8221; custom_padding_last_edited=&#8221;on|phone&#8221; global_colors_info=&#8221;{}&#8221;][et_pb_text content_tablet=&#8221;<\/p>\n<h4>2020.11.02<\/h4>\n<h2>Etiam porta sem malesuada magna mollis.<\/h2>\n<h3>Curabitur blandit tempus porttitor. Maecenas sed diam eget risus varius blandit sit amet non magna. Nullam quis risus eget urna mollis ornare vel eu leo. Nullam id dolor id nibh ultricies vehicula ut id elit. Donec ullamcorper nulla non metus auctor fringilla. Cras mattis consectetur purus sit amet fermentum.<\/h3>\n<p>&#8221; content_phone=&#8221;<\/p>\n<h5>Wise trees &#8211; b\u00f6lcs f\u00e1k<\/h5>\n<h6>Matuzs\u00e1lem f\u00e1k \u2013 gy\u0171jtem\u00e9nyes \u00e9s t\u00f6rt\u00e9neti kertek rejtett kincseinek meg\u0151rz\u00e9se, \u00e9s<br \/>vonzerej\u00fckre \u00e9p\u00edtve a kertek, mint z\u00f6ld turisztikai c\u00e9lpontok n\u00e9pszer\u0171s\u00edt\u00e9se<\/h6>\n<h6>A projekt c\u00edme: Preservation and Increasing attractivity of ancient trees as hidden treasures in historic gardens towards green tourism (SKHU\/1902\/4.1\/110)<\/h6>\n<p>&#8221; content_last_edited=&#8221;off|phone&#8221; _builder_version=&#8221;4.16&#8243; _module_preset=&#8221;default&#8221; header_line_height=&#8221;37px&#8221; header_2_font=&#8221;|700|||||||&#8221; header_2_text_color=&#8221;#224108&#8243; header_2_font_size=&#8221;30px&#8221; header_2_line_height=&#8221;27px&#8221; header_3_font=&#8221;Montserrat|600|||||||&#8221; header_3_text_color=&#8221;gcid-1b2faf1f-066d-4675-b6a7-399b56f31639&#8243; header_3_font_size=&#8221;16px&#8221; header_3_line_height=&#8221;20px&#8221; header_4_font=&#8221;Montserrat|700|||||||&#8221; header_4_text_color=&#8221;gcid-1b2faf1f-066d-4675-b6a7-399b56f31639&#8243; header_4_font_size=&#8221;12px&#8221; header_4_letter_spacing=&#8221;0.5px&#8221; header_4_line_height=&#8221;18px&#8221; header_5_font=&#8221;|800||on|||||&#8221; header_5_text_color=&#8221;#224108&#8243; header_5_font_size=&#8221;22px&#8221; header_5_line_height=&#8221;27px&#8221; header_6_font=&#8221;|700|||||||&#8221; header_6_text_color=&#8221;#224108&#8243; header_6_font_size=&#8221;18px&#8221; header_6_line_height=&#8221;22px&#8221; width=&#8221;65%&#8221; custom_padding=&#8221;|0px||0px|false|true&#8221; header_2_font_size_tablet=&#8221;30px&#8221; header_2_font_size_phone=&#8221;22px&#8221; header_2_font_size_last_edited=&#8221;on|phone&#8221; custom_css_main_element=&#8221;display: inline-block;&#8221; global_colors_info=&#8221;{%22gcid-1b2faf1f-066d-4675-b6a7-399b56f31639%22:%91%22header_4_text_color%22,%22header_3_text_color%22%93}&#8221;]<\/p>\n<h5>Wise trees &#8211; SK<\/h5>\n<h6>Zachovanie a zv\u00fd\u0161enie pr\u00ed\u0165a\u017elivosti starobyl\u00fdch stromov ako skryt\u00fdch pokladov v historick\u00fdch z\u00e1hrad\u00e1ch smeruj\u00facich k zelenej turistike. (SKHU\/1902\/4.1\/110)<\/h6>\n<h6>A projekt c\u00edme: Preservation and Increasing attractivity of ancient trees as hidden treasures in historic gardens towards green tourism (SKHU\/1902\/4.1\/110)<\/h6>\n<p>[\/et_pb_text][et_pb_image src=&#8221;https:\/\/wisetrees.eu\/wp-content\/uploads\/2021\/12\/aboutLogo.png&#8221; title_text=&#8221;aboutLogo&#8221; _builder_version=&#8221;4.16&#8243; _module_preset=&#8221;default&#8221; positioning=&#8221;relative&#8221; position_origin_r=&#8221;bottom_left&#8221; vertical_offset=&#8221;64px&#8221; vertical_offset_tablet=&#8221;64px&#8221; vertical_offset_phone=&#8221;13px&#8221; vertical_offset_last_edited=&#8221;on|phone&#8221; width=&#8221;35%&#8221; custom_padding=&#8221;|0px||0px|false|true&#8221; custom_css_main_element=&#8221;display: inline-block;&#8221; global_colors_info=&#8221;{%22gcid-1b2faf1f-066d-4675-b6a7-399b56f31639%22:%91%22header_4_text_color%22,%22header_3_text_color%22%93}&#8221;][\/et_pb_image][et_pb_text _builder_version=&#8221;4.16&#8243; _module_preset=&#8221;default&#8221; text_font=&#8221;Nunito Sans||||||||&#8221; text_text_color=&#8221;gcid-849e22c0-4897-4007-bb2d-b0486f48174c&#8221; text_font_size=&#8221;16px&#8221; text_line_height=&#8221;26px&#8221; header_3_font=&#8221;|800|||||||&#8221; header_3_text_color=&#8221;#224108&#8243; header_3_line_height=&#8221;22px&#8221; custom_padding=&#8221;|0px||0px|false|true&#8221; header_3_font_size_tablet=&#8221;&#8221; header_3_font_size_phone=&#8221;18px&#8221; header_3_font_size_last_edited=&#8221;on|phone&#8221; global_colors_info=&#8221;{%22gcid-1b2faf1f-066d-4675-b6a7-399b56f31639%22:%91%22header_4_text_color%22,%22header_3_text_color%22,%22header_4_text_color%22,%22header_3_text_color%22%93,%22gcid-849e22c0-4897-4007-bb2d-b0486f48174c%22:%91%22text_text_color%22%93}&#8221;]<\/p>\n<p>Strategick\u00fdm cie\u013eom projektu WISE TREES\/M\u00fadre stromy je nadviaza\u0165 na dlhodob\u00fa spolupr\u00e1cu \u00a0medzi \u00a0historick\u00fdmi a botanick\u00fdmi z\u00e1hradami \u00a0nach\u00e1dzaj\u00facimi sa v slovensko-ma\u010farskom pohrani\u010dnom regi\u00f3ne a zlep\u0161i\u0165 z\u00e1hradn\u00fa turistiku v nich. T\u00e1to m\u00f4\u017ee zohr\u00e1va\u0165 k\u013e\u00fa\u010dov\u00fa \u00falohu \u00a0pri rozvoji regi\u00f3nu, v ktorom sa nach\u00e1dza viac ako 60 \u00a0verejne pr\u00edstupn\u00fdch parkov a z\u00e1hrad.<\/p>\n<p>N\u00e1\u0161 projekt sa \u00a0prioritne zameriava na\u00a0&#8222;m\u00fadre&#8221;\u00a0starobyl\u00e9\u00a0stromy rast\u00face \u00a0v z\u00e1hrad\u00e1ch a\u00a0parkoch desiatky ba stovky rokov. \u00a0V\u00a0spolupr\u00e1ci so Zdru\u017een\u00edm arbor\u00e9t a botanick\u00fdch z\u00e1hrad \u00a0Ma\u010farska (HAABG) pl\u00e1nujeme \u00a0v\u00a0r\u00e1mci projektu v\u00a0danej oblasti \u00a0vytvori\u0165 \u00a0pre tento regi\u00f3n nov\u00e9 a netradi\u010dn\u00e9 slu\u017eby. Tie by mali spr\u00e1vcom a\u00a0vlastn\u00edkom parkov a\u00a0z\u00e1hrad pom\u00f4c\u0165 \u00a0nielen pri ochrane a starostlivosti o\u00a0starobyl\u00e9 stromy, \u00a0ale aj pri prezent\u00e1cii ich hodn\u00f4t verejnosti.\u00a0Na\u0161im z\u00e1merom je pom\u00f4c\u0165 pri budovan\u00ed \u00facty a vytv\u00e1ran\u00ed pozit\u00edvneho vz\u0165ahu \u013eud\u00ed a\u00a0n\u00e1v\u0161tevn\u00edkov tohto regi\u00f3nu k\u00a0stromom, ktor\u00e9 tu rast\u00fa najmenej \u00a0100 rokov.<\/p>\n<p>Zdru\u017eenie arbor\u00e9t a botanick\u00fdch z\u00e1hrad Ma\u010farska (HAABG) sa dlhodobo venuje podobnej problematike ako na\u0161a organiz\u00e1cia N\u00e1rodn\u00fd Trust n.o. U\u017e v minulosti sme sledovali \u010dinnos\u0165 r\u00f4znych organiz\u00e1ci\u00ed venuj\u00facich sa problematike historick\u00fdch parkov a z\u00e1hrad v Ma\u010farsku, nako\u013eko ve\u013ea historick\u00fdch parkov a z\u00e1hrad na \u00fazem\u00ed Ma\u010farska a Slovenska patrilo t\u00fdm ist\u00fdm \u0161\u013eachtick\u00fdm rodin\u00e1m \u010di bolo navrhnut\u00fdch t\u00fdmi ist\u00fdmi z\u00e1hradn\u00fdmi architektami a sadovn\u00edkmi. Ve\u013ea inform\u00e1ci\u00ed o historick\u00fdch parkoch a z\u00e1hrad\u00e1ch sa nach\u00e1dza v arch\u00edvoch v Budape\u0161ti. Preto sme sa ve\u013emi pote\u0161ili mo\u017enej spolupr\u00e1ci s na\u0161im ma\u010farsk\u00fdm partnerom. Vz\u00e1jomn\u00e1 v\u00fdmena poznatkov a sk\u00fasenost\u00ed, spolo\u010dn\u00e9 uva\u017eovanie nad mo\u017en\u00fdmi rie\u0161eniami a\u00a0 najlep\u0161\u00edm vyu\u017e\u00edvan\u00edm n\u00e1strojov pri starostlivosti o starobyl\u00e9 stromy s\u00fa v\u00fdznamn\u00fdmi pr\u00ednosmi cezhrani\u010dnej spolupr\u00e1ce. Ver\u00edme, \u017ee spolo\u010dne sme efekt\u00edvnej\u0161\u00ed v ochrane a mana\u017emente n\u00e1\u0161ho spolo\u010dn\u00e9ho dedi\u010dstva\u00a0 a n\u00e1\u0161 projekt prispeje k posilneniu cezhrani\u010dnej spolupr\u00e1ce v oblasti starostlivosti o kult\u00farne a pr\u00edrodn\u00e9 dedi\u010dstvo a ekoturizmu.<\/p>\n<p>Na dosiahnutie vy\u0161\u0161ie uveden\u00fdch cie\u013eov \u00a0bude v\u00a0prvom rade potrebn\u00e9 na za\u010diatku projektu \u00a0zak\u00fapi\u0165 \u0161peci\u00e1lne vybavenie pre presn\u00e9 meranie a diagnostiku stavu drev\u00edn, ako aj pr\u00edpravi\u0165 mana\u017ement o\u0161etrovania konkr\u00e9tnych stromov v\u00a0historick\u00fdch a\u00a0botanick\u00fdch z\u00e1hrad\u00e1ch.<\/p>\n<p>Ako \u201edendrofiln\u00e9 organiz\u00e1cie\u201c maj\u00face ve\u013emi\u00a0 siln\u00fd vz\u0165ah k stromom chceme po d\u00f4kladnom zbere \u00fadajov v spolupr\u00e1ci s arboristami najsk\u00f4r prehliadnu\u0165 a zhodnoti\u0165 stav minim\u00e1lne \u00a080 vybrat\u00fdch starobyl\u00fdch stromov. Z nich 10 \u00a0bude n\u00e1sledne odborne o\u0161etren\u00fdch arboristami\u00a0\u00a0s vyu\u017eit\u00edm ich dendrologick\u00fdch vedomost\u00ed a sk\u00fasenost\u00ed.<\/p>\n<p>O\u0161etrenie dvoch vybrat\u00fdch stromov\u00a0(1+1 )\u00a0osl\u00e1vime spolu s\u00a0 miestnymi milovn\u00edkmi stromov a\u00a0\u010fal\u0161\u00edmi n\u00e1v\u0161tevn\u00edkmi jednod\u0148ov\u00fdm kult\u00farnym festivalom.<\/p>\n<p>V\u00a0oblasti prezent\u00e1cie starobyl\u00fdch stromov pl\u00e1nujeme pre n\u00e1v\u0161tevn\u00edkov parkov a\u00a0z\u00e1hrad v\u00a0slovensko-ma\u010farskom pohrani\u010d\u00ed pripravi\u0165 viacer\u00e9 nov\u00e9 slu\u017eby. V\u00a0kompetencii na\u0161ej organiz\u00e1cie bude vytvorenie audiosprievodcu, prostredn\u00edctvom ktor\u00e9ho \u00a0si \u013eudia \u00a0bud\u00fa m\u00f4c\u0165 vychutna\u0165 pr\u00edbehy\u00a010\u00a0vybrat\u00fdch stromov. Datab\u00e1za \u00a0starobyl\u00fdch stromov a\u00a0kr\u00e1tke vide\u00e1 bud\u00fa \u00a0z\u00e1kladom \u00a0dynamickej webovej str\u00e1nky, ktor\u00fa bude ma\u0165 v\u00a0kompetencii n\u00e1\u0161 cezhrani\u010dn\u00fd partner.\u00a0Uveden\u00e1 str\u00e1nka pom\u00f4\u017ee v\u0161etk\u00fdm potenci\u00e1lnym n\u00e1v\u0161tevn\u00edkom napl\u00e1nova\u0165 si v\u00fdlet k vybran\u00e9mu stromu pod\u013ea ich z\u00e1ujmu. \u00a0Bude to prv\u00e1 webov\u00e1 str\u00e1nka, ktor\u00e1 umo\u017en\u00ed\u00a0 \u013eu\u010fom vyh\u013eada\u0165 si parky a\u00a0z\u00e1hrady a\u00a0starobyl\u00e9 stromy v\u00a0nich a\u00a0z\u00e1rove\u0148 z\u00edska\u0165 inform\u00e1cie o\u00a0potrebn\u00fdch turistick\u00fdch slu\u017eb\u00e1ch.<\/p>\n<p>Pre spr\u00e1vcov parkov a\u00a0z\u00e1hrad z\u00a0oboch str\u00e1n hranice chceme pripravi\u0165 zauj\u00edmav\u00e9 praktick\u00e9 \u0161kolenie. Ak to pandemick\u00e1 situ\u00e1cia dovol\u00ed, chceme pripravi\u0165 aj atrakt\u00edvne \u0161tudijn\u00e9 cesty, na ktor\u00e9 pozveme aj odborn\u00edkov na cestovn\u00fd ruch a\u00a0novin\u00e1rov. Ver\u00edme, \u017ee aj ich \u00fa\u010das\u0165 m\u00f4\u017ee prispie\u0165 k preh\u013abeniu spolupr\u00e1ce v\u00a0tejto oblasti.<\/p>\n<p>Ver\u00edme, \u017ee v\u0161etky pl\u00e1novan\u00e9 aktivity maj\u00fa potenci\u00e1l pom\u00f4c\u0165 zachova\u0165 jedine\u010dn\u00e9 spolo\u010dn\u00e9 dedi\u010dstvo \u00a0a\u00a0m\u00fadros\u0165 starobyl\u00fdch stromov pre bud\u00face gener\u00e1cie.<\/p>\n<p>[\/et_pb_text][et_pb_text _builder_version=&#8221;4.21.0&#8243; _module_preset=&#8221;default&#8221; text_font=&#8221;Nunito Sans||||||||&#8221; text_text_color=&#8221;gcid-849e22c0-4897-4007-bb2d-b0486f48174c&#8221; text_font_size=&#8221;16px&#8221; text_line_height=&#8221;26px&#8221; header_3_font=&#8221;|800|||||||&#8221; header_3_text_color=&#8221;#224108&#8243; header_3_line_height=&#8221;22px&#8221; header_4_font=&#8221;|700|||||||&#8221; header_4_text_color=&#8221;gcid-1b2faf1f-066d-4675-b6a7-399b56f31639&#8243; header_4_line_height=&#8221;22px&#8221; custom_padding=&#8221;|0px||0px|false|true&#8221; header_3_font_size_tablet=&#8221;&#8221; header_3_font_size_phone=&#8221;18px&#8221; header_3_font_size_last_edited=&#8221;on|phone&#8221; global_colors_info=&#8221;{%22gcid-1b2faf1f-066d-4675-b6a7-399b56f31639%22:%91%22header_4_text_color%22,%22header_3_text_color%22,%22header_4_text_color%22,%22header_3_text_color%22%93,%22gcid-849e22c0-4897-4007-bb2d-b0486f48174c%22:%91%22text_text_color%22%93}&#8221;]<\/p>\n<h4>Partneri projektu:<\/h4>\n<p>Zdru\u017eenie arbor\u00e9t a botanick\u00fdch z\u00e1hrad Ma\u010farska (HAABG) &#8211; ved\u00faci partner projektu z Ma\u010farska<br \/>N\u00e1rodn\u00fd Trust n.o. (NT n.o.) &#8211; hlavn\u00fd cezhrani\u010dn\u00fd partner zo Slovenska <span style=\"text-decoration: underline;\"><strong><a href=\"http:\/\/www.nt.sk\" style=\"color: #743b27; text-decoration: underline;\">www.nt.sk<\/a><\/strong><\/span><\/p>\n<p><span style=\"text-decoration: underline;\"><strong><\/strong><\/span><\/p>\n<h4>Obdobie realiz\u00e1cie projektu:<\/h4>\n<p>2021.01.01 \u2013 2022.04.30<\/p>\n<h4>Pr\u00edspevok z Eur\u00f3pskeho fondu region\u00e1lneho rozvoja (EFRR) vo v\u00fd\u0161ke 165 569, 8 Euro.<\/h4>\n<h4><\/h4>\n<table border=\"1\" style=\"display: none; width: 100%; border-collapse: collapse; border-style: solid; border-color: #eff3e9; height: 120px;\">\n<tbody>\n<tr style=\"height: 48px;\">\n<td style=\"width: 25%; height: 48px;\"><strong>Forr\u00e1s<\/strong><\/td>\n<td style=\"width: 25%; height: 48px;\"><strong>\u00d6sszeg (EUR)<\/strong><\/td>\n<td style=\"width: 16.2621%; height: 48px;\"><strong>MABOSZ (EUR)<\/strong><\/td>\n<td style=\"width: 33.7379%; height: 48px;\"><strong>N\u00e1rodn\u00fd Trust n.o. (EUR)<\/strong><\/td>\n<\/tr>\n<tr style=\"height: 24px;\">\n<td style=\"width: 25%; height: 24px;\"><strong>EU Eur\u00f3pai Region\u00e1lis Fejleszt\u00e9si Alap (ERFA)<\/strong><\/td>\n<td style=\"width: 25%; height: 24px;\">165 569,80<\/td>\n<td style=\"width: 16.2621%; height: 24px;\">100 799,80<\/td>\n<td style=\"width: 33.7379%; height: 24px;\">64 770,00<\/td>\n<\/tr>\n<tr style=\"height: 24px;\">\n<td style=\"width: 25%; height: 24px;\"><strong>Nemzeti t\u00e1rsfinansz\u00edroz\u00e1s<\/strong><\/td>\n<td style=\"width: 25%; height: 24px;\">19 478,80<\/td>\n<td style=\"width: 16.2621%; height: 24px;\">11 858,80<\/td>\n<td style=\"width: 33.7379%; height: 24px;\">7 620,00<\/td>\n<\/tr>\n<tr style=\"height: 24px;\">\n<td style=\"width: 25%; height: 24px;\"><strong>Saj\u00e1t hozz\u00e1j\u00e1rul\u00e1s<\/strong><\/td>\n<td style=\"width: 25%; height: 24px;\">9 739,40<\/td>\n<td style=\"width: 16.2621%; height: 24px;\">5 929,40<\/td>\n<td style=\"width: 33.7379%; height: 24px;\">3 810,00<\/td>\n<\/tr>\n<\/tbody>\n<\/table>\n<p>[\/et_pb_text][et_pb_text _builder_version=&#8221;4.16&#8243; _module_preset=&#8221;default&#8221; text_font=&#8221;Nunito Sans||||||||&#8221; text_text_color=&#8221;gcid-849e22c0-4897-4007-bb2d-b0486f48174c&#8221; text_font_size=&#8221;16px&#8221; text_line_height=&#8221;26px&#8221; header_3_font=&#8221;|800|||||||&#8221; header_3_text_color=&#8221;#224108&#8243; header_3_line_height=&#8221;22px&#8221; header_4_font=&#8221;|700|||||||&#8221; header_4_text_color=&#8221;gcid-1b2faf1f-066d-4675-b6a7-399b56f31639&#8243; header_4_line_height=&#8221;22px&#8221; custom_padding=&#8221;|0px||0px|false|true&#8221; header_3_font_size_tablet=&#8221;&#8221; header_3_font_size_phone=&#8221;18px&#8221; header_3_font_size_last_edited=&#8221;on|phone&#8221; global_colors_info=&#8221;{%22gcid-1b2faf1f-066d-4675-b6a7-399b56f31639%22:%91%22header_4_text_color%22,%22header_3_text_color%22,%22header_4_text_color%22,%22header_3_text_color%22%93,%22gcid-849e22c0-4897-4007-bb2d-b0486f48174c%22:%91%22text_text_color%22%93}&#8221;]<\/p>\n<h4>Podporn\u00fd program:<\/h4>\n<p>Program slovensko-ma\u010farskej cezhrani\u010dnej spolupr\u00e1ce Interreg SKHU (https:\/\/www.skhu.eu\/)<\/p>\n<p><span style=\"text-decoration: underline;\"><strong><\/strong><\/span><\/p>\n<h4>Prioritou:<\/h4>\n<p>4. &#8211; Posilnenie cezhrani\u010dnej spolupr\u00e1ce verejn\u00fdch org\u00e1nov a \u013eud\u00ed \u017eij\u00facich v pohrani\u010dnej oblasti<\/p>\n<p>4.1 &#8211; Zlep\u0161enie \u00farovne cezhrani\u010dnej medziin\u0161titucion\u00e1lnej spolupr\u00e1ce a roz\u0161\u00edrenie cezhrani\u010dnej spolupr\u00e1ce medzi ob\u010danmi.<\/p>\n<p>4.1 \/ 2 &#8211; Rozvoj nov\u00fdch cezhrani\u010dn\u00fdch slu\u017eieb<\/p>\n<h4>Kontakt:<\/h4>\n<p>Hungarian Association of Arboreta and Botanic Gardens (HAABG)<br \/>office@gmail.com<br \/>www.mabotkertek.hu<\/p>\n<p>National Trust of Slovakia \u2013 \u00a0N\u00e1rodn\u00fd Trust n.o.\u00a0(NT)<br \/>nt@nt.sk\u00a0\u00a0<br \/>www.nt.sk<\/p>\n<p>&nbsp;<\/p>\n<p>[\/et_pb_text][\/et_pb_column][\/et_pb_row][\/et_pb_section]<\/p>\n","protected":false},"excerpt":{"rendered":"<p>Wise trees &#8211; SK Zachovanie a zv\u00fd\u0161enie pr\u00ed\u0165a\u017elivosti starobyl\u00fdch stromov ako skryt\u00fdch pokladov v historick\u00fdch z\u00e1hrad\u00e1ch smeruj\u00facich k zelenej turistike. (SKHU\/1902\/4.1\/110) A projekt c\u00edme: Preservation and Increasing attractivity of ancient trees as hidden treasures in historic gardens towards green tourism (SKHU\/1902\/4.1\/110)Strategick\u00fdm cie\u013eom projektu WISE TREES\/M\u00fadre stromy je nadviaza\u0165 na dlhodob\u00fa spolupr\u00e1cu \u00a0medzi \u00a0historick\u00fdmi a botanick\u00fdmi [&hellip;]<\/p>\n","protected":false},"author":1,"featured_media":0,"parent":0,"menu_order":0,"comment_status":"closed","ping_status":"closed","template":"","meta":{"_et_pb_use_builder":"on","_et_pb_old_content":"","_et_gb_content_width":"","footnotes":""},"class_list":["post-477","page","type-page","status-publish","hentry"],"_links":{"self":[{"href":"http:\/\/wisetrees.eu\/index.php?rest_route=\/wp\/v2\/pages\/477","targetHints":{"allow":["GET"]}}],"collection":[{"href":"http:\/\/wisetrees.eu\/index.php?rest_route=\/wp\/v2\/pages"}],"about":[{"href":"http:\/\/wisetrees.eu\/index.php?rest_route=\/wp\/v2\/types\/page"}],"author":[{"embeddable":true,"href":"http:\/\/wisetrees.eu\/index.php?rest_route=\/wp\/v2\/users\/1"}],"replies":[{"embeddable":true,"href":"http:\/\/wisetrees.eu\/index.php?rest_route=%2Fwp%2Fv2%2Fcomments&post=477"}],"version-history":[{"count":5,"href":"http:\/\/wisetrees.eu\/index.php?rest_route=\/wp\/v2\/pages\/477\/revisions"}],"predecessor-version":[{"id":490,"href":"http:\/\/wisetrees.eu\/index.php?rest_route=\/wp\/v2\/pages\/477\/revisions\/490"}],"wp:attachment":[{"href":"http:\/\/wisetrees.eu\/index.php?rest_route=%2Fwp%2Fv2%2Fmedia&parent=477"}],"curies":[{"name":"wp","href":"https:\/\/api.w.org\/{rel}","templated":true}]}}